{"id":8315,"date":"2024-10-18T10:03:22","date_gmt":"2024-10-18T08:03:22","guid":{"rendered":"https:\/\/radolfzell-stadtbibliothek.de\/carnet-dadresses-des-liens\/"},"modified":"2024-10-18T10:03:22","modified_gmt":"2024-10-18T08:03:22","slug":"carnet-dadresses-des-liens","status":"publish","type":"page","link":"https:\/\/radolfzell-stadtbibliothek.de\/fr\/carnet-dadresses-des-liens\/","title":{"rendered":"Carnet d&rsquo;adresses des liens"},"content":{"rendered":"<p><strong>Page d&rsquo;accueil<\/strong><\/p>\n<p><a href=\"https:\/\/radolfzell-stadtbibliothek.de\/\">Biblioth\u00e8que municipale de Radolfzell<\/a><\/p>\n<p><a href=\"https:\/\/kultur-radolfzell.de\/\">Culture Radolfzell am Bodensee<\/a><\/p>\n<p><a href=\"https:\/\/www.radolfzell.de\/startseite\">Ville de Radolfzell au bord du lac de Constance<\/a><\/p>\n<p>&nbsp;<\/p>\n<p><strong>Offres de la biblioth\u00e8que municipale<\/strong><\/p>\n<p>sur place<\/p>\n<p><a href=\"https:\/\/bibliothek.komm.one\/radolfzell\/\">Catalogue en ligne pour la recherche de m\u00e9dias<\/a><\/p>\n<p><a href=\"https:\/\/radolfzell-stadtbibliothek.de\/technik-leihbar\/\">Technique LEIHbar (biblioth\u00e8que d&rsquo;objets &#8211; pr\u00eat de diff\u00e9rents appareils techniques)<\/a><\/p>\n<p><a href=\"https:\/\/bibliothek.komm.one\/radolfzell\/Medien-finden\/Fernleihe\">Pr\u00eat \u00e0 distance<\/a><\/p>\n<p>&nbsp;<\/p>\n<p>en ligne<\/p>\n<p><a href=\"https:\/\/www.onleihe.de\/verbund_singen\/frontend\/welcome,51-0-0-100-0-0-1-0-0-0-0.html\">Onleihe Hegau-Bodensee (m\u00e9dias \u00e9lectroniques)<\/a><\/p>\n<p><a href=\"https:\/\/www.pressreader.com\/\">Pressreader (journaux et magazines \u00e9lectroniques)<\/a><\/p>\n<p><a href=\"https:\/\/radolfzell.filmfriend.de\/de\/\">filmfriend (streaming en ligne)<\/a><\/p>\n<p>&nbsp;<\/p>\n<p>pour les \u00e9coles \/ cr\u00e8ches<\/p>\n<p><a href=\"https:\/\/radolfzell-stadtbibliothek.de\/kinder-kitas-schulen\/\">Informations pour les enfants, les cr\u00e8ches et les \u00e9coles<\/a><\/p>\n<p><a href=\"https:\/\/radolfzell-stadtbibliothek.de\/wp-content\/uploads\/sites\/7\/2019\/08\/180928_stadtbibliotheksbroschuereChancen-frs-Leben_geringere-Aufloesung.pdf\">Chances pour la vie (offres de promotion de la lecture de la biblioth\u00e8que municipale)<\/a><\/p>\n<p>&nbsp;<\/p>\n<p><strong>Biblioth\u00e8ques de quartier<\/strong><\/p>\n<p><a href=\"https:\/\/radolfzell-stadtbibliothek.de\/startseite\/ortsteilbibliotheken\/\">Biblioth\u00e8ques de quartier (B\u00f6hringen, G\u00fcttingen &amp; Stahringen)<\/a><\/p>\n<p>&nbsp;<\/p>\n<p><strong>Plus d&rsquo;informations<\/strong><\/p>\n<p><a href=\"https:\/\/radolfzell-stadtbibliothek.de\/wp-content\/uploads\/sites\/7\/2024\/06\/Datenschutzerklaerung-der-Stadtbibliothek-Radolfzell-2024.pdf\">D\u00e9claration de confidentialit\u00e9 de la biblioth\u00e8que municipale de Radolfzell<\/a><\/p>\n<p><a href=\"https:\/\/radolfzell-stadtbibliothek.de\/wp-content\/uploads\/sites\/7\/2022\/04\/Benutzungsordnung-der-Stadtbibliothek-Radolfzell-2022.pdf\">R\u00e8glement d&rsquo;utilisation de la biblioth\u00e8que municipale de Radolfzell<\/a><\/p>\n<p><a href=\"https:\/\/radolfzell-stadtbibliothek.de\/wp-content\/uploads\/sites\/7\/2021\/12\/210616_Kultur_Stadtbibliothek_Br-oschu%CC%88re_Erwachsene_DIN-A5_so-Endversion.pdf\">Brochure d&rsquo;information pour les clients de la biblioth\u00e8que municipale<\/a><\/p>\n<p><a href=\"https:\/\/radolfzell-stadtbibliothek.de\/wp-content\/uploads\/sites\/7\/2021\/12\/Flyer-Zeller-Karte-2021.pdf\">Informations sur la carte Zeller (ville de Radolfzell)<\/a><\/p>\n<p><a href=\"https:\/\/radolfzell-stadtbibliothek.de\/wp-content\/uploads\/sites\/7\/2020\/04\/2015AnmeldekartenKinder.pdf\">Formulaire d&rsquo;inscription Carte d&rsquo;identit\u00e9 enfant <\/a>(valable uniquement pour les enfants et les jeunes de 6 \u00e0 17 ans)<\/p>\n","protected":false},"excerpt":{"rendered":"<p>Page d&rsquo;accueil Biblioth\u00e8que municipale de Radolfzell Culture Radolfzell am Bodensee Ville de Radolfzell au bord du lac de Constance &nbsp; [&hellip;]<\/p>\n","protected":false},"author":11,"featured_media":0,"parent":0,"menu_order":0,"comment_status":"closed","ping_status":"closed","template":"","meta":{"_price":"","_stock":"","_tribe_ticket_header":"","_tribe_default_ticket_provider":"","_ticket_start_date":"","_ticket_end_date":"","_tribe_ticket_show_description":"","_tribe_ticket_show_not_going":false,"_tribe_ticket_use_global_stock":"","_tribe_ticket_global_stock_level":"","_global_stock_mode":"","_global_stock_cap":"","_tribe_rsvp_for_event":"","_tribe_ticket_going_count":"","_tribe_ticket_not_going_count":"","_tribe_tickets_list":"[]","_tribe_ticket_has_attendee_info_fields":false,"footnotes":""},"class_list":["post-8315","page","type-page","status-publish","hentry"],"yoast_head":"<!-- This site is optimized with the Yoast SEO plugin v26.7 - https:\/\/yoast.com\/wordpress\/plugins\/seo\/ -->\n<title>Carnet d&#039;adresses des liens | Stadtbibliothek<\/title>\n<meta name=\"robots\" content=\"index, follow, max-snippet:-1, max-image-preview:large, max-video-preview:-1\" \/>\n<link rel=\"canonical\" href=\"https:\/\/radolfzell-stadtbibliothek.de\/fr\/carnet-dadresses-des-liens\/\" \/>\n<meta property=\"og:locale\" content=\"fr_FR\" \/>\n<meta property=\"og:type\" content=\"article\" \/>\n<meta property=\"og:title\" content=\"Carnet d&#039;adresses des liens | Stadtbibliothek\" \/>\n<meta property=\"og:description\" content=\"Page d&rsquo;accueil Biblioth\u00e8que municipale de Radolfzell Culture Radolfzell am Bodensee Ville de Radolfzell au bord du lac de Constance &nbsp; [&hellip;]\" \/>\n<meta property=\"og:url\" content=\"https:\/\/radolfzell-stadtbibliothek.de\/fr\/carnet-dadresses-des-liens\/\" \/>\n<meta property=\"og:site_name\" content=\"Stadtbibliothek\" \/>\n<meta name=\"twitter:card\" content=\"summary_large_image\" \/>\n<meta name=\"twitter:label1\" content=\"Dur\u00e9e de lecture estim\u00e9e\" \/>\n\t<meta name=\"twitter:data1\" content=\"1 minute\" \/>\n<script type=\"application\/ld+json\" class=\"yoast-schema-graph\">{\"@context\":\"https:\/\/schema.org\",\"@graph\":[{\"@type\":\"WebPage\",\"@id\":\"https:\/\/radolfzell-stadtbibliothek.de\/fr\/carnet-dadresses-des-liens\/\",\"url\":\"https:\/\/radolfzell-stadtbibliothek.de\/fr\/carnet-dadresses-des-liens\/\",\"name\":\"Carnet d'adresses des liens | Stadtbibliothek\",\"isPartOf\":{\"@id\":\"https:\/\/radolfzell-stadtbibliothek.de\/fr\/#website\"},\"datePublished\":\"2024-10-18T08:03:22+00:00\",\"breadcrumb\":{\"@id\":\"https:\/\/radolfzell-stadtbibliothek.de\/fr\/carnet-dadresses-des-liens\/#breadcrumb\"},\"inLanguage\":\"fr-FR\",\"potentialAction\":[{\"@type\":\"ReadAction\",\"target\":[\"https:\/\/radolfzell-stadtbibliothek.de\/fr\/carnet-dadresses-des-liens\/\"]}]},{\"@type\":\"BreadcrumbList\",\"@id\":\"https:\/\/radolfzell-stadtbibliothek.de\/fr\/carnet-dadresses-des-liens\/#breadcrumb\",\"itemListElement\":[{\"@type\":\"ListItem\",\"position\":1,\"name\":\"Startseite\",\"item\":\"https:\/\/radolfzell-stadtbibliothek.de\/fr\/page-daccueil\/\"},{\"@type\":\"ListItem\",\"position\":2,\"name\":\"Carnet d&rsquo;adresses des liens\"}]},{\"@type\":\"WebSite\",\"@id\":\"https:\/\/radolfzell-stadtbibliothek.de\/fr\/#website\",\"url\":\"https:\/\/radolfzell-stadtbibliothek.de\/fr\/\",\"name\":\"Stadtbibliothek\",\"description\":\"\",\"potentialAction\":[{\"@type\":\"SearchAction\",\"target\":{\"@type\":\"EntryPoint\",\"urlTemplate\":\"https:\/\/radolfzell-stadtbibliothek.de\/fr\/?s={search_term_string}\"},\"query-input\":{\"@type\":\"PropertyValueSpecification\",\"valueRequired\":true,\"valueName\":\"search_term_string\"}}],\"inLanguage\":\"fr-FR\"}]}<\/script>\n<!-- \/ Yoast SEO plugin. -->","yoast_head_json":{"title":"Carnet d'adresses des liens | Stadtbibliothek","robots":{"index":"index","follow":"follow","max-snippet":"max-snippet:-1","max-image-preview":"max-image-preview:large","max-video-preview":"max-video-preview:-1"},"canonical":"https:\/\/radolfzell-stadtbibliothek.de\/fr\/carnet-dadresses-des-liens\/","og_locale":"fr_FR","og_type":"article","og_title":"Carnet d'adresses des liens | Stadtbibliothek","og_description":"Page d&rsquo;accueil Biblioth\u00e8que municipale de Radolfzell Culture Radolfzell am Bodensee Ville de Radolfzell au bord du lac de Constance &nbsp; [&hellip;]","og_url":"https:\/\/radolfzell-stadtbibliothek.de\/fr\/carnet-dadresses-des-liens\/","og_site_name":"Stadtbibliothek","twitter_card":"summary_large_image","twitter_misc":{"Dur\u00e9e de lecture estim\u00e9e":"1 minute"},"schema":{"@context":"https:\/\/schema.org","@graph":[{"@type":"WebPage","@id":"https:\/\/radolfzell-stadtbibliothek.de\/fr\/carnet-dadresses-des-liens\/","url":"https:\/\/radolfzell-stadtbibliothek.de\/fr\/carnet-dadresses-des-liens\/","name":"Carnet d'adresses des liens | Stadtbibliothek","isPartOf":{"@id":"https:\/\/radolfzell-stadtbibliothek.de\/fr\/#website"},"datePublished":"2024-10-18T08:03:22+00:00","breadcrumb":{"@id":"https:\/\/radolfzell-stadtbibliothek.de\/fr\/carnet-dadresses-des-liens\/#breadcrumb"},"inLanguage":"fr-FR","potentialAction":[{"@type":"ReadAction","target":["https:\/\/radolfzell-stadtbibliothek.de\/fr\/carnet-dadresses-des-liens\/"]}]},{"@type":"BreadcrumbList","@id":"https:\/\/radolfzell-stadtbibliothek.de\/fr\/carnet-dadresses-des-liens\/#breadcrumb","itemListElement":[{"@type":"ListItem","position":1,"name":"Startseite","item":"https:\/\/radolfzell-stadtbibliothek.de\/fr\/page-daccueil\/"},{"@type":"ListItem","position":2,"name":"Carnet d&rsquo;adresses des liens"}]},{"@type":"WebSite","@id":"https:\/\/radolfzell-stadtbibliothek.de\/fr\/#website","url":"https:\/\/radolfzell-stadtbibliothek.de\/fr\/","name":"Stadtbibliothek","description":"","potentialAction":[{"@type":"SearchAction","target":{"@type":"EntryPoint","urlTemplate":"https:\/\/radolfzell-stadtbibliothek.de\/fr\/?s={search_term_string}"},"query-input":{"@type":"PropertyValueSpecification","valueRequired":true,"valueName":"search_term_string"}}],"inLanguage":"fr-FR"}]}},"_links":{"self":[{"href":"https:\/\/radolfzell-stadtbibliothek.de\/fr\/wp-json\/wp\/v2\/pages\/8315","targetHints":{"allow":["GET"]}}],"collection":[{"href":"https:\/\/radolfzell-stadtbibliothek.de\/fr\/wp-json\/wp\/v2\/pages"}],"about":[{"href":"https:\/\/radolfzell-stadtbibliothek.de\/fr\/wp-json\/wp\/v2\/types\/page"}],"author":[{"embeddable":true,"href":"https:\/\/radolfzell-stadtbibliothek.de\/fr\/wp-json\/wp\/v2\/users\/11"}],"replies":[{"embeddable":true,"href":"https:\/\/radolfzell-stadtbibliothek.de\/fr\/wp-json\/wp\/v2\/comments?post=8315"}],"version-history":[{"count":0,"href":"https:\/\/radolfzell-stadtbibliothek.de\/fr\/wp-json\/wp\/v2\/pages\/8315\/revisions"}],"wp:attachment":[{"href":"https:\/\/radolfzell-stadtbibliothek.de\/fr\/wp-json\/wp\/v2\/media?parent=8315"}],"curies":[{"name":"wp","href":"https:\/\/api.w.org\/{rel}","templated":true}]}}