{"id":6178,"date":"2018-11-27T23:41:41","date_gmt":"2018-11-27T22:41:41","guid":{"rendered":"https:\/\/radolfzell-stadtbibliothek.de\/rechercher-prolonger\/"},"modified":"2024-03-25T19:03:53","modified_gmt":"2024-03-25T18:03:53","slug":"rechercher-prolonger","status":"publish","type":"page","link":"https:\/\/radolfzell-stadtbibliothek.de\/fr\/rechercher-prolonger\/","title":{"rendered":"Rechercher &amp; prolonger"},"content":{"rendered":"<p>Le catalogue \u00e9lectronique Open r\u00e9pertorie les collections de la biblioth\u00e8que municipale de Radolfzell, de l&rsquo;Onleihe Hegau-Bodensee et des biblioth\u00e8ques de quartier.<br \/>\nSur le catalogue (en ligne), les utilisateurs peuvent constater, gr\u00e2ce aux diff\u00e9rentes possibilit\u00e9s de recherche<\/p>\n<ul>\n<li>si un titre particulier est disponible<\/li>\n<li>quels sont les titres d&rsquo;un auteur ou d&rsquo;un th\u00e8me en stock<\/li>\n<li>si un m\u00e9dia recherch\u00e9 est actuellement disponible ou emprunt\u00e9<\/li>\n<\/ul>\n<p>Dans son propre compte de lecteur, on peut<\/p>\n<ul>\n<li>r\u00e9server un m\u00e9dia emprunt\u00e9<\/li>\n<li>Consulter les listes de nouvelles publications de la biblioth\u00e8que municipale<\/li>\n<li>prolonger les m\u00e9dias emprunt\u00e9s<\/li>\n<\/ul>\n","protected":false},"excerpt":{"rendered":"<p>Le catalogue \u00e9lectronique Open r\u00e9pertorie les collections de la biblioth\u00e8que municipale de Radolfzell, de l&rsquo;Onleihe Hegau-Bodensee et des biblioth\u00e8ques de [&hellip;]<\/p>\n","protected":false},"author":1,"featured_media":0,"parent":0,"menu_order":0,"comment_status":"closed","ping_status":"closed","template":"page-layout1.php","meta":{"_price":"","_stock":"","_tribe_ticket_header":"","_tribe_default_ticket_provider":"","_ticket_start_date":"","_ticket_end_date":"","_tribe_ticket_show_description":"","_tribe_ticket_show_not_going":false,"_tribe_ticket_use_global_stock":"","_tribe_ticket_global_stock_level":"","_global_stock_mode":"","_global_stock_cap":"","_tribe_rsvp_for_event":"","_tribe_ticket_going_count":"","_tribe_ticket_not_going_count":"","_tribe_tickets_list":"[]","_tribe_ticket_has_attendee_info_fields":false,"footnotes":""},"class_list":["post-6178","page","type-page","status-publish","hentry"],"yoast_head":"<!-- This site is optimized with the Yoast SEO plugin v26.7 - https:\/\/yoast.com\/wordpress\/plugins\/seo\/ -->\n<title>Rechercher &amp; prolonger | Stadtbibliothek<\/title>\n<meta name=\"description\" content=\"Ici, vous pouvez v\u00e9rifier la disponibilit\u00e9 des livres et autres m\u00e9dias de la biblioth\u00e8que municipale de Radolfzell, les r\u00e9server et les prolonger.\" \/>\n<meta name=\"robots\" content=\"index, follow, max-snippet:-1, max-image-preview:large, max-video-preview:-1\" \/>\n<link rel=\"canonical\" href=\"https:\/\/radolfzell-stadtbibliothek.de\/fr\/rechercher-prolonger\/\" \/>\n<meta property=\"og:locale\" content=\"fr_FR\" \/>\n<meta property=\"og:type\" content=\"article\" \/>\n<meta property=\"og:title\" content=\"Rechercher &amp; prolonger | Stadtbibliothek\" \/>\n<meta property=\"og:description\" content=\"Ici, vous pouvez v\u00e9rifier la disponibilit\u00e9 des livres et autres m\u00e9dias de la biblioth\u00e8que municipale de Radolfzell, les r\u00e9server et les prolonger.\" \/>\n<meta property=\"og:url\" content=\"https:\/\/radolfzell-stadtbibliothek.de\/fr\/rechercher-prolonger\/\" \/>\n<meta property=\"og:site_name\" content=\"Stadtbibliothek\" \/>\n<meta property=\"article:modified_time\" content=\"2024-03-25T18:03:53+00:00\" \/>\n<meta name=\"twitter:card\" content=\"summary_large_image\" \/>\n<meta name=\"twitter:label1\" content=\"Dur\u00e9e de lecture estim\u00e9e\" \/>\n\t<meta name=\"twitter:data1\" content=\"1 minute\" \/>\n<script type=\"application\/ld+json\" class=\"yoast-schema-graph\">{\"@context\":\"https:\/\/schema.org\",\"@graph\":[{\"@type\":\"WebPage\",\"@id\":\"https:\/\/radolfzell-stadtbibliothek.de\/fr\/rechercher-prolonger\/\",\"url\":\"https:\/\/radolfzell-stadtbibliothek.de\/fr\/rechercher-prolonger\/\",\"name\":\"Rechercher &amp; prolonger | Stadtbibliothek\",\"isPartOf\":{\"@id\":\"https:\/\/radolfzell-stadtbibliothek.de\/fr\/#website\"},\"datePublished\":\"2018-11-27T22:41:41+00:00\",\"dateModified\":\"2024-03-25T18:03:53+00:00\",\"description\":\"Ici, vous pouvez v\u00e9rifier la disponibilit\u00e9 des livres et autres m\u00e9dias de la biblioth\u00e8que municipale de Radolfzell, les r\u00e9server et les prolonger.\",\"breadcrumb\":{\"@id\":\"https:\/\/radolfzell-stadtbibliothek.de\/fr\/rechercher-prolonger\/#breadcrumb\"},\"inLanguage\":\"fr-FR\",\"potentialAction\":[{\"@type\":\"ReadAction\",\"target\":[\"https:\/\/radolfzell-stadtbibliothek.de\/fr\/rechercher-prolonger\/\"]}]},{\"@type\":\"BreadcrumbList\",\"@id\":\"https:\/\/radolfzell-stadtbibliothek.de\/fr\/rechercher-prolonger\/#breadcrumb\",\"itemListElement\":[{\"@type\":\"ListItem\",\"position\":1,\"name\":\"Startseite\",\"item\":\"https:\/\/radolfzell-stadtbibliothek.de\/fr\/page-daccueil\/\"},{\"@type\":\"ListItem\",\"position\":2,\"name\":\"Rechercher &amp; prolonger\"}]},{\"@type\":\"WebSite\",\"@id\":\"https:\/\/radolfzell-stadtbibliothek.de\/fr\/#website\",\"url\":\"https:\/\/radolfzell-stadtbibliothek.de\/fr\/\",\"name\":\"Stadtbibliothek\",\"description\":\"\",\"potentialAction\":[{\"@type\":\"SearchAction\",\"target\":{\"@type\":\"EntryPoint\",\"urlTemplate\":\"https:\/\/radolfzell-stadtbibliothek.de\/fr\/?s={search_term_string}\"},\"query-input\":{\"@type\":\"PropertyValueSpecification\",\"valueRequired\":true,\"valueName\":\"search_term_string\"}}],\"inLanguage\":\"fr-FR\"}]}<\/script>\n<!-- \/ Yoast SEO plugin. -->","yoast_head_json":{"title":"Rechercher &amp; prolonger | Stadtbibliothek","description":"Ici, vous pouvez v\u00e9rifier la disponibilit\u00e9 des livres et autres m\u00e9dias de la biblioth\u00e8que municipale de Radolfzell, les r\u00e9server et les prolonger.","robots":{"index":"index","follow":"follow","max-snippet":"max-snippet:-1","max-image-preview":"max-image-preview:large","max-video-preview":"max-video-preview:-1"},"canonical":"https:\/\/radolfzell-stadtbibliothek.de\/fr\/rechercher-prolonger\/","og_locale":"fr_FR","og_type":"article","og_title":"Rechercher &amp; prolonger | Stadtbibliothek","og_description":"Ici, vous pouvez v\u00e9rifier la disponibilit\u00e9 des livres et autres m\u00e9dias de la biblioth\u00e8que municipale de Radolfzell, les r\u00e9server et les prolonger.","og_url":"https:\/\/radolfzell-stadtbibliothek.de\/fr\/rechercher-prolonger\/","og_site_name":"Stadtbibliothek","article_modified_time":"2024-03-25T18:03:53+00:00","twitter_card":"summary_large_image","twitter_misc":{"Dur\u00e9e de lecture estim\u00e9e":"1 minute"},"schema":{"@context":"https:\/\/schema.org","@graph":[{"@type":"WebPage","@id":"https:\/\/radolfzell-stadtbibliothek.de\/fr\/rechercher-prolonger\/","url":"https:\/\/radolfzell-stadtbibliothek.de\/fr\/rechercher-prolonger\/","name":"Rechercher &amp; prolonger | Stadtbibliothek","isPartOf":{"@id":"https:\/\/radolfzell-stadtbibliothek.de\/fr\/#website"},"datePublished":"2018-11-27T22:41:41+00:00","dateModified":"2024-03-25T18:03:53+00:00","description":"Ici, vous pouvez v\u00e9rifier la disponibilit\u00e9 des livres et autres m\u00e9dias de la biblioth\u00e8que municipale de Radolfzell, les r\u00e9server et les prolonger.","breadcrumb":{"@id":"https:\/\/radolfzell-stadtbibliothek.de\/fr\/rechercher-prolonger\/#breadcrumb"},"inLanguage":"fr-FR","potentialAction":[{"@type":"ReadAction","target":["https:\/\/radolfzell-stadtbibliothek.de\/fr\/rechercher-prolonger\/"]}]},{"@type":"BreadcrumbList","@id":"https:\/\/radolfzell-stadtbibliothek.de\/fr\/rechercher-prolonger\/#breadcrumb","itemListElement":[{"@type":"ListItem","position":1,"name":"Startseite","item":"https:\/\/radolfzell-stadtbibliothek.de\/fr\/page-daccueil\/"},{"@type":"ListItem","position":2,"name":"Rechercher &amp; prolonger"}]},{"@type":"WebSite","@id":"https:\/\/radolfzell-stadtbibliothek.de\/fr\/#website","url":"https:\/\/radolfzell-stadtbibliothek.de\/fr\/","name":"Stadtbibliothek","description":"","potentialAction":[{"@type":"SearchAction","target":{"@type":"EntryPoint","urlTemplate":"https:\/\/radolfzell-stadtbibliothek.de\/fr\/?s={search_term_string}"},"query-input":{"@type":"PropertyValueSpecification","valueRequired":true,"valueName":"search_term_string"}}],"inLanguage":"fr-FR"}]}},"_links":{"self":[{"href":"https:\/\/radolfzell-stadtbibliothek.de\/fr\/wp-json\/wp\/v2\/pages\/6178","targetHints":{"allow":["GET"]}}],"collection":[{"href":"https:\/\/radolfzell-stadtbibliothek.de\/fr\/wp-json\/wp\/v2\/pages"}],"about":[{"href":"https:\/\/radolfzell-stadtbibliothek.de\/fr\/wp-json\/wp\/v2\/types\/page"}],"author":[{"embeddable":true,"href":"https:\/\/radolfzell-stadtbibliothek.de\/fr\/wp-json\/wp\/v2\/users\/1"}],"replies":[{"embeddable":true,"href":"https:\/\/radolfzell-stadtbibliothek.de\/fr\/wp-json\/wp\/v2\/comments?post=6178"}],"version-history":[{"count":1,"href":"https:\/\/radolfzell-stadtbibliothek.de\/fr\/wp-json\/wp\/v2\/pages\/6178\/revisions"}],"predecessor-version":[{"id":6261,"href":"https:\/\/radolfzell-stadtbibliothek.de\/fr\/wp-json\/wp\/v2\/pages\/6178\/revisions\/6261"}],"wp:attachment":[{"href":"https:\/\/radolfzell-stadtbibliothek.de\/fr\/wp-json\/wp\/v2\/media?parent=6178"}],"curies":[{"name":"wp","href":"https:\/\/api.w.org\/{rel}","templated":true}]}}