{"id":6169,"date":"2019-04-29T00:26:04","date_gmt":"2019-04-28T22:26:04","guid":{"rendered":"https:\/\/radolfzell-stadtbibliothek.de\/enfants-creches-ecoles\/"},"modified":"2026-01-23T15:52:27","modified_gmt":"2026-01-23T14:52:27","slug":"enfants-creches-ecoles","status":"publish","type":"page","link":"https:\/\/radolfzell-stadtbibliothek.de\/fr\/enfants-creches-ecoles\/","title":{"rendered":"Enfants, cr\u00e8ches &amp; \u00e9coles"},"content":{"rendered":"<p>La biblioth\u00e8que pour enfants du ch\u00e2teau autrichien est un paradis pour les enfants.<br \/>\nQu&rsquo;il s&rsquo;agisse de lire, de jouer, d&rsquo;\u00e9couter des Tonies, de se d\u00e9tendre, de faire ses devoirs ou de faire des recherches pour des expos\u00e9s.<br \/>\nLes sections Spielwiese et 9plus invitent et sont ouvertes \u00e0 tous.<br \/>\nLe forum des parents propose des conseils d&rsquo;\u00e9ducation, des instructions de bricolage ou des astuces de cuisine pour les enfants.<\/p>\n<p>Nous serions ravis d&rsquo;organiser un kit m\u00e9dia individuel pour les groupes\/classes.<br \/>\nPour cela, il vous suffit d&rsquo;envoyer un e-mail \u00e0 <a href=\"mailto:bibliothek@radolfzell.de\">bibliothek@radolfzell.de<\/a><br \/>\nen indiquant les informations suivantes :<br \/>\n<strong><br \/>\n\u00c9tablissement :<br \/>\nPersonne \u00e0 contacter :<br \/>\nContact :<\/strong><\/p>\n<p><strong>Sujet \/ th\u00e8mes :<\/strong><br \/>\n<strong>Niveau d&rsquo;\u00e2ge :<\/strong><br \/>\n<strong>Taille du groupe :<\/strong><br \/>\n<strong>Seulement des livres (ou aussi des CD, DVD, Tonies ect.) :<\/strong><\/p>\n<p><strong>Date de retrait souhait\u00e9e : (pour de nombreux sujets, nous avons besoin d&rsquo;un d\u00e9lai d&rsquo;environ 3 semaines)<\/strong><br \/>\n<strong>Remarques \/ autres indications :<\/strong><\/p>\n<p>&nbsp;<\/p>\n<p>Une offre compl\u00e8te d&rsquo;\u00e9v\u00e9nements et de services est propos\u00e9e aux cr\u00e8ches et aux \u00e9coles.<\/p>\n<p>&nbsp;<\/p>\n<div class=\"accordion\" id=\"accordion-0\">\n<div class=\"accordion-group\">\n<h2 class=\"accordion-heading\"><span class=\"read-mode-only\">Parents <\/span><button class=\"accordion-toggle\" data-toggle=\"collapse\"  href=\"#collapse_0\"> Parents <\/button><\/h2>\n<div id=\"collapse_0\" class=\"accordion-body\">\n<div class=\"accordion-inner clearfix\">\n<p>\u00ab\u00a0La lecture en famille est le meilleur moyen d&rsquo;initier les enfants aux livres d\u00e8s leur plus jeune \u00e2ge et de leur donner ainsi le go\u00fbt de la lecture\u00a0\u00bb.<br \/>\nPhilipp Lahm<br \/>\nFootballeur professionnel<\/p>\n<p>Avec 2000 livres d&rsquo;images, nous vous facilitons le chemin vers la lecture \u00e0 haute voix.<br \/>\nLes enfants aiment se blottir pendant la lecture et passer des moments calmes avec leurs parents, leur famille ou leurs amis&#8230;<br \/>\nLa biblioth\u00e8que municipale accompagne les enfants dans le monde des m\u00e9dias. Nous s\u00e9lectionnons nos m\u00e9dias de mani\u00e8re cibl\u00e9e, nous recommandons l&rsquo;\u00e2ge pour les films.<br \/>\nVous trouverez un v\u00e9ritable tr\u00e9sor \u00e0 la biblioth\u00e8que municipale, mais aussi sur notre portail de t\u00e9l\u00e9chargement Onleihe Hegau-Bodensee pour le format de poche. <\/p>\n<p>La section 9plus propose des livres passionnants, int\u00e9ressants, fantastiques, des livres audio, des films et des jeux de soci\u00e9t\u00e9.<\/p>\n<p>Pour l&rsquo;inscription, veuillez accompagner votre enfant et vous munir d&rsquo;une pi\u00e8ce d&rsquo;identit\u00e9 en cours de validit\u00e9.<br \/>\nLes enfants de moins de 18 ans re\u00e7oivent une carte de biblioth\u00e8que gratuite.<\/p>\n<p style=\"text-align: left\"><img loading=\"lazy\" decoding=\"async\" class=\"size-medium wp-image-168 alignnone\" src=\"http:\/\/radolfzell-stadtbibliothek.de\/wp-content\/uploads\/sites\/7\/2019\/08\/Spielwiese-c-Stadtbibliothek-300x169.jpg\" alt=\"\" width=\"300\" height=\"169\" srcset=\"https:\/\/radolfzell-stadtbibliothek.de\/wp-content\/uploads\/sites\/7\/2019\/08\/Spielwiese-c-Stadtbibliothek-300x169.jpg 300w, https:\/\/radolfzell-stadtbibliothek.de\/wp-content\/uploads\/sites\/7\/2019\/08\/Spielwiese-c-Stadtbibliothek-768x432.jpg 768w, https:\/\/radolfzell-stadtbibliothek.de\/wp-content\/uploads\/sites\/7\/2019\/08\/Spielwiese-c-Stadtbibliothek-1024x576.jpg 1024w, https:\/\/radolfzell-stadtbibliothek.de\/wp-content\/uploads\/sites\/7\/2019\/08\/Spielwiese-c-Stadtbibliothek-250x141.jpg 250w, https:\/\/radolfzell-stadtbibliothek.de\/wp-content\/uploads\/sites\/7\/2019\/08\/Spielwiese-c-Stadtbibliothek-550x309.jpg 550w, https:\/\/radolfzell-stadtbibliothek.de\/wp-content\/uploads\/sites\/7\/2019\/08\/Spielwiese-c-Stadtbibliothek-800x450.jpg 800w, https:\/\/radolfzell-stadtbibliothek.de\/wp-content\/uploads\/sites\/7\/2019\/08\/Spielwiese-c-Stadtbibliothek-320x180.jpg 320w, https:\/\/radolfzell-stadtbibliothek.de\/wp-content\/uploads\/sites\/7\/2019\/08\/Spielwiese-c-Stadtbibliothek-533x300.jpg 533w, https:\/\/radolfzell-stadtbibliothek.de\/wp-content\/uploads\/sites\/7\/2019\/08\/Spielwiese-c-Stadtbibliothek-889x500.jpg 889w, https:\/\/radolfzell-stadtbibliothek.de\/wp-content\/uploads\/sites\/7\/2019\/08\/Spielwiese-c-Stadtbibliothek.jpg 1920w\" sizes=\"auto, (max-width: 300px) 100vw, 300px\" \/><br \/>\nImage : Administration municipale de Radolfzell<\/p>\n<\/div>\n<\/div>\n<\/div>\n<div class=\"accordion-group\">\n<h2 class=\"accordion-heading\"><span class=\"read-mode-only\">Structures d&#039;accueil pour enfants <\/span><button class=\"accordion-toggle\" data-toggle=\"collapse\"  href=\"#collapse_1\"> Structures d&#039;accueil pour enfants <\/button><\/h2>\n<div id=\"collapse_1\" class=\"accordion-body\">\n<div class=\"accordion-inner clearfix\">\nAvec nos m\u00e9dias et nos services, nous voulons vous soutenir dans votre travail de p\u00e9dagogie de la petite enfance, d&rsquo;\u00e9ducation \u00e0 la lecture, de promotion des langues.<br \/>\nAux m\u00e9dias pour enfants, s&rsquo;ajoute un vaste fonds de litt\u00e9rature p\u00e9dagogique pour les \u00e9ducateurs et les enseignants du primaire. Qu&rsquo;il s&rsquo;agisse des saisons, de la promotion du langage, de la nature ou de la violence, vous trouverez tous les th\u00e8mes ici. Nous pouvons nous procurer de la litt\u00e9rature sp\u00e9cialis\u00e9e par le biais du service de pr\u00eat allemand.<\/p>\n<p>Les cr\u00e8ches re\u00e7oivent une carte de lecteur gratuite leur permettant d&#8217;emprunter des m\u00e9dias pour l&rsquo;\u00e9tablissement.<\/p>\n<p>Avec notre service de bo\u00eetes \u00e0 livres, nous vous pr\u00e9parons des bo\u00eetes de lecture et des bo\u00eetes th\u00e9matiques sur le sujet de votre choix.<\/p>\n<p>La biblioth\u00e8que municipale distribue les kits Lesestart \u00e0 Radolfzell lors d&rsquo;une introduction \u00e0 la biblioth\u00e8que \u00ab\u00a0Harry Hase invite \u00e0 la biblioth\u00e8que\u00a0\u00bb aux enfants de 3-4 ans des cr\u00e8ches de Radolfzell et des quartiers de la ville.<\/p>\n<p><img loading=\"lazy\" decoding=\"async\" class=\"size-medium wp-image-166 alignnone\" src=\"http:\/\/radolfzell-stadtbibliothek.de\/wp-content\/uploads\/sites\/7\/2019\/08\/P1000223-169x300.jpg\" alt=\"\" width=\"169\" height=\"300\" srcset=\"https:\/\/radolfzell-stadtbibliothek.de\/wp-content\/uploads\/sites\/7\/2019\/08\/P1000223-169x300.jpg 169w, https:\/\/radolfzell-stadtbibliothek.de\/wp-content\/uploads\/sites\/7\/2019\/08\/P1000223-768x1365.jpg 768w, https:\/\/radolfzell-stadtbibliothek.de\/wp-content\/uploads\/sites\/7\/2019\/08\/P1000223-576x1024.jpg 576w, https:\/\/radolfzell-stadtbibliothek.de\/wp-content\/uploads\/sites\/7\/2019\/08\/P1000223-250x444.jpg 250w, https:\/\/radolfzell-stadtbibliothek.de\/wp-content\/uploads\/sites\/7\/2019\/08\/P1000223-550x978.jpg 550w, https:\/\/radolfzell-stadtbibliothek.de\/wp-content\/uploads\/sites\/7\/2019\/08\/P1000223-800x1422.jpg 800w, https:\/\/radolfzell-stadtbibliothek.de\/wp-content\/uploads\/sites\/7\/2019\/08\/P1000223-101x180.jpg 101w, https:\/\/radolfzell-stadtbibliothek.de\/wp-content\/uploads\/sites\/7\/2019\/08\/P1000223-281x500.jpg 281w, https:\/\/radolfzell-stadtbibliothek.de\/wp-content\/uploads\/sites\/7\/2019\/08\/P1000223.jpg 1080w\" sizes=\"auto, (max-width: 169px) 100vw, 169px\" \/><br \/>\nImage : Administration municipale de Radolfzell<\/p>\n<div style=\"width: 640px;\" class=\"wp-video\"><video class=\"wp-video-shortcode\" id=\"video-6169-1\" width=\"640\" height=\"360\" preload=\"metadata\" controls=\"controls\"><source type=\"video\/mp4\" src=\"https:\/\/www.lesestart.de\/fileadmin\/bilder\/bibliotheken\/begleitmaterialien_bibliotheken\/ls123_erklaerfilm_bibliotheken_mit_ton..mp4?_=1\" \/><a href=\"https:\/\/www.lesestart.de\/fileadmin\/bilder\/bibliotheken\/begleitmaterialien_bibliotheken\/ls123_erklaerfilm_bibliotheken_mit_ton..mp4\">https:\/\/www.lesestart.de\/fileadmin\/bilder\/bibliotheken\/begleitmaterialien_bibliotheken\/ls123_erklaerfilm_bibliotheken_mit_ton..mp4<\/a><\/video><\/div>\n<p>\u00ab\u00a0Lesestart 1-2-3\u00a0\u00bb est un programme national de promotion pr\u00e9coce du langage et de la lecture pour les familles avec des enfants \u00e2g\u00e9s de un, deux et trois ans. Il est soutenu par le minist\u00e8re f\u00e9d\u00e9ral de l&rsquo;\u00e9ducation et de la recherche (BMBF) et mis en \u0153uvre par la fondation Lesen.<\/p>\n<\/div>\n<\/div>\n<\/div>\n<div class=\"accordion-group\">\n<h2 class=\"accordion-heading\"><span class=\"read-mode-only\">\u00c9coles <\/span><button class=\"accordion-toggle\" data-toggle=\"collapse\"  href=\"#collapse_2\"> \u00c9coles <\/button><\/h2>\n<div id=\"collapse_2\" class=\"accordion-body\">\n<div class=\"accordion-inner clearfix\">\nLa biblioth\u00e8que municipale soutient les \u00e9coles dans l&rsquo;apprentissage de la lecture, l&rsquo;animation de la lecture, la recherche et les comp\u00e9tences m\u00e9diatiques.<br \/>\nAvec des visites de classe, des visites de classe, des formations \u00e0 la recherche, des lectures d&rsquo;auteurs, des ateliers d&rsquo;\u00e9criture, des ateliers de cin\u00e9ma, des bo\u00eetes \u00e0 m\u00e9dias&#8230;<\/p>\n<p>Les \u00e9coles re\u00e7oivent une carte de lecteur gratuite pour emprunter des m\u00e9dias pour l&rsquo;\u00e9tablissement.\n<\/p><\/div>\n<\/div>\n<\/div>\n<\/div>\n","protected":false},"excerpt":{"rendered":"<p>La biblioth\u00e8que pour enfants du ch\u00e2teau autrichien est un paradis pour les enfants. Qu&rsquo;il s&rsquo;agisse de lire, de jouer, d&rsquo;\u00e9couter [&hellip;]<\/p>\n","protected":false},"author":1,"featured_media":0,"parent":0,"menu_order":0,"comment_status":"closed","ping_status":"closed","template":"page-layout1.php","meta":{"_price":"","_stock":"","_tribe_ticket_header":"","_tribe_default_ticket_provider":"","_ticket_start_date":"","_ticket_end_date":"","_tribe_ticket_show_description":"","_tribe_ticket_show_not_going":false,"_tribe_ticket_use_global_stock":"","_tribe_ticket_global_stock_level":"","_global_stock_mode":"","_global_stock_cap":"","_tribe_rsvp_for_event":"","_tribe_ticket_going_count":"","_tribe_ticket_not_going_count":"","_tribe_tickets_list":"[]","_tribe_ticket_has_attendee_info_fields":false,"footnotes":""},"class_list":["post-6169","page","type-page","status-publish","hentry"],"yoast_head":"<!-- This site is optimized with the Yoast SEO plugin v26.7 - https:\/\/yoast.com\/wordpress\/plugins\/seo\/ -->\n<title>Enfants, cr\u00e8ches &amp; \u00e9coles | Stadtbibliothek<\/title>\n<meta name=\"robots\" content=\"index, follow, max-snippet:-1, max-image-preview:large, max-video-preview:-1\" \/>\n<link rel=\"canonical\" href=\"https:\/\/radolfzell-stadtbibliothek.de\/fr\/enfants-creches-ecoles\/\" \/>\n<meta property=\"og:locale\" content=\"fr_FR\" \/>\n<meta property=\"og:type\" content=\"article\" \/>\n<meta property=\"og:title\" content=\"Enfants, cr\u00e8ches &amp; \u00e9coles | Stadtbibliothek\" \/>\n<meta property=\"og:description\" content=\"La biblioth\u00e8que pour enfants du ch\u00e2teau autrichien est un paradis pour les enfants. Qu&rsquo;il s&rsquo;agisse de lire, de jouer, d&rsquo;\u00e9couter [&hellip;]\" \/>\n<meta property=\"og:url\" content=\"https:\/\/radolfzell-stadtbibliothek.de\/fr\/enfants-creches-ecoles\/\" \/>\n<meta property=\"og:site_name\" content=\"Stadtbibliothek\" \/>\n<meta property=\"article:modified_time\" content=\"2026-01-23T14:52:27+00:00\" \/>\n<meta property=\"og:image\" content=\"http:\/\/radolfzell-stadtbibliothek.de\/wp-content\/uploads\/sites\/7\/2019\/08\/Spielwiese-c-Stadtbibliothek-300x169.jpg\" \/>\n<meta name=\"twitter:card\" content=\"summary_large_image\" \/>\n<meta name=\"twitter:label1\" content=\"Dur\u00e9e de lecture estim\u00e9e\" \/>\n\t<meta name=\"twitter:data1\" content=\"3 minutes\" \/>\n<script type=\"application\/ld+json\" class=\"yoast-schema-graph\">{\"@context\":\"https:\/\/schema.org\",\"@graph\":[{\"@type\":\"WebPage\",\"@id\":\"https:\/\/radolfzell-stadtbibliothek.de\/fr\/enfants-creches-ecoles\/\",\"url\":\"https:\/\/radolfzell-stadtbibliothek.de\/fr\/enfants-creches-ecoles\/\",\"name\":\"Enfants, cr\u00e8ches &amp; \u00e9coles | Stadtbibliothek\",\"isPartOf\":{\"@id\":\"https:\/\/radolfzell-stadtbibliothek.de\/fr\/#website\"},\"primaryImageOfPage\":{\"@id\":\"https:\/\/radolfzell-stadtbibliothek.de\/fr\/enfants-creches-ecoles\/#primaryimage\"},\"image\":{\"@id\":\"https:\/\/radolfzell-stadtbibliothek.de\/fr\/enfants-creches-ecoles\/#primaryimage\"},\"thumbnailUrl\":\"http:\/\/radolfzell-stadtbibliothek.de\/wp-content\/uploads\/sites\/7\/2019\/08\/Spielwiese-c-Stadtbibliothek-300x169.jpg\",\"datePublished\":\"2019-04-28T22:26:04+00:00\",\"dateModified\":\"2026-01-23T14:52:27+00:00\",\"breadcrumb\":{\"@id\":\"https:\/\/radolfzell-stadtbibliothek.de\/fr\/enfants-creches-ecoles\/#breadcrumb\"},\"inLanguage\":\"fr-FR\",\"potentialAction\":[{\"@type\":\"ReadAction\",\"target\":[\"https:\/\/radolfzell-stadtbibliothek.de\/fr\/enfants-creches-ecoles\/\"]}]},{\"@type\":\"ImageObject\",\"inLanguage\":\"fr-FR\",\"@id\":\"https:\/\/radolfzell-stadtbibliothek.de\/fr\/enfants-creches-ecoles\/#primaryimage\",\"url\":\"http:\/\/radolfzell-stadtbibliothek.de\/wp-content\/uploads\/sites\/7\/2019\/08\/Spielwiese-c-Stadtbibliothek-300x169.jpg\",\"contentUrl\":\"http:\/\/radolfzell-stadtbibliothek.de\/wp-content\/uploads\/sites\/7\/2019\/08\/Spielwiese-c-Stadtbibliothek-300x169.jpg\"},{\"@type\":\"BreadcrumbList\",\"@id\":\"https:\/\/radolfzell-stadtbibliothek.de\/fr\/enfants-creches-ecoles\/#breadcrumb\",\"itemListElement\":[{\"@type\":\"ListItem\",\"position\":1,\"name\":\"Startseite\",\"item\":\"https:\/\/radolfzell-stadtbibliothek.de\/fr\/page-daccueil\/\"},{\"@type\":\"ListItem\",\"position\":2,\"name\":\"Enfants, cr\u00e8ches &amp; \u00e9coles\"}]},{\"@type\":\"WebSite\",\"@id\":\"https:\/\/radolfzell-stadtbibliothek.de\/fr\/#website\",\"url\":\"https:\/\/radolfzell-stadtbibliothek.de\/fr\/\",\"name\":\"Stadtbibliothek\",\"description\":\"\",\"potentialAction\":[{\"@type\":\"SearchAction\",\"target\":{\"@type\":\"EntryPoint\",\"urlTemplate\":\"https:\/\/radolfzell-stadtbibliothek.de\/fr\/?s={search_term_string}\"},\"query-input\":{\"@type\":\"PropertyValueSpecification\",\"valueRequired\":true,\"valueName\":\"search_term_string\"}}],\"inLanguage\":\"fr-FR\"}]}<\/script>\n<!-- \/ Yoast SEO plugin. -->","yoast_head_json":{"title":"Enfants, cr\u00e8ches &amp; \u00e9coles | Stadtbibliothek","robots":{"index":"index","follow":"follow","max-snippet":"max-snippet:-1","max-image-preview":"max-image-preview:large","max-video-preview":"max-video-preview:-1"},"canonical":"https:\/\/radolfzell-stadtbibliothek.de\/fr\/enfants-creches-ecoles\/","og_locale":"fr_FR","og_type":"article","og_title":"Enfants, cr\u00e8ches &amp; \u00e9coles | Stadtbibliothek","og_description":"La biblioth\u00e8que pour enfants du ch\u00e2teau autrichien est un paradis pour les enfants. Qu&rsquo;il s&rsquo;agisse de lire, de jouer, d&rsquo;\u00e9couter [&hellip;]","og_url":"https:\/\/radolfzell-stadtbibliothek.de\/fr\/enfants-creches-ecoles\/","og_site_name":"Stadtbibliothek","article_modified_time":"2026-01-23T14:52:27+00:00","og_image":[{"url":"http:\/\/radolfzell-stadtbibliothek.de\/wp-content\/uploads\/sites\/7\/2019\/08\/Spielwiese-c-Stadtbibliothek-300x169.jpg","type":"","width":"","height":""}],"twitter_card":"summary_large_image","twitter_misc":{"Dur\u00e9e de lecture estim\u00e9e":"3 minutes"},"schema":{"@context":"https:\/\/schema.org","@graph":[{"@type":"WebPage","@id":"https:\/\/radolfzell-stadtbibliothek.de\/fr\/enfants-creches-ecoles\/","url":"https:\/\/radolfzell-stadtbibliothek.de\/fr\/enfants-creches-ecoles\/","name":"Enfants, cr\u00e8ches &amp; \u00e9coles | Stadtbibliothek","isPartOf":{"@id":"https:\/\/radolfzell-stadtbibliothek.de\/fr\/#website"},"primaryImageOfPage":{"@id":"https:\/\/radolfzell-stadtbibliothek.de\/fr\/enfants-creches-ecoles\/#primaryimage"},"image":{"@id":"https:\/\/radolfzell-stadtbibliothek.de\/fr\/enfants-creches-ecoles\/#primaryimage"},"thumbnailUrl":"http:\/\/radolfzell-stadtbibliothek.de\/wp-content\/uploads\/sites\/7\/2019\/08\/Spielwiese-c-Stadtbibliothek-300x169.jpg","datePublished":"2019-04-28T22:26:04+00:00","dateModified":"2026-01-23T14:52:27+00:00","breadcrumb":{"@id":"https:\/\/radolfzell-stadtbibliothek.de\/fr\/enfants-creches-ecoles\/#breadcrumb"},"inLanguage":"fr-FR","potentialAction":[{"@type":"ReadAction","target":["https:\/\/radolfzell-stadtbibliothek.de\/fr\/enfants-creches-ecoles\/"]}]},{"@type":"ImageObject","inLanguage":"fr-FR","@id":"https:\/\/radolfzell-stadtbibliothek.de\/fr\/enfants-creches-ecoles\/#primaryimage","url":"http:\/\/radolfzell-stadtbibliothek.de\/wp-content\/uploads\/sites\/7\/2019\/08\/Spielwiese-c-Stadtbibliothek-300x169.jpg","contentUrl":"http:\/\/radolfzell-stadtbibliothek.de\/wp-content\/uploads\/sites\/7\/2019\/08\/Spielwiese-c-Stadtbibliothek-300x169.jpg"},{"@type":"BreadcrumbList","@id":"https:\/\/radolfzell-stadtbibliothek.de\/fr\/enfants-creches-ecoles\/#breadcrumb","itemListElement":[{"@type":"ListItem","position":1,"name":"Startseite","item":"https:\/\/radolfzell-stadtbibliothek.de\/fr\/page-daccueil\/"},{"@type":"ListItem","position":2,"name":"Enfants, cr\u00e8ches &amp; \u00e9coles"}]},{"@type":"WebSite","@id":"https:\/\/radolfzell-stadtbibliothek.de\/fr\/#website","url":"https:\/\/radolfzell-stadtbibliothek.de\/fr\/","name":"Stadtbibliothek","description":"","potentialAction":[{"@type":"SearchAction","target":{"@type":"EntryPoint","urlTemplate":"https:\/\/radolfzell-stadtbibliothek.de\/fr\/?s={search_term_string}"},"query-input":{"@type":"PropertyValueSpecification","valueRequired":true,"valueName":"search_term_string"}}],"inLanguage":"fr-FR"}]}},"_links":{"self":[{"href":"https:\/\/radolfzell-stadtbibliothek.de\/fr\/wp-json\/wp\/v2\/pages\/6169","targetHints":{"allow":["GET"]}}],"collection":[{"href":"https:\/\/radolfzell-stadtbibliothek.de\/fr\/wp-json\/wp\/v2\/pages"}],"about":[{"href":"https:\/\/radolfzell-stadtbibliothek.de\/fr\/wp-json\/wp\/v2\/types\/page"}],"author":[{"embeddable":true,"href":"https:\/\/radolfzell-stadtbibliothek.de\/fr\/wp-json\/wp\/v2\/users\/1"}],"replies":[{"embeddable":true,"href":"https:\/\/radolfzell-stadtbibliothek.de\/fr\/wp-json\/wp\/v2\/comments?post=6169"}],"version-history":[{"count":2,"href":"https:\/\/radolfzell-stadtbibliothek.de\/fr\/wp-json\/wp\/v2\/pages\/6169\/revisions"}],"predecessor-version":[{"id":27144,"href":"https:\/\/radolfzell-stadtbibliothek.de\/fr\/wp-json\/wp\/v2\/pages\/6169\/revisions\/27144"}],"wp:attachment":[{"href":"https:\/\/radolfzell-stadtbibliothek.de\/fr\/wp-json\/wp\/v2\/media?parent=6169"}],"curies":[{"name":"wp","href":"https:\/\/api.w.org\/{rel}","templated":true}]}}