{"id":6164,"date":"2018-12-10T22:31:59","date_gmt":"2018-12-10T21:31:59","guid":{"rendered":"https:\/\/radolfzell-stadtbibliothek.de\/page-daccueil\/"},"modified":"2025-10-29T13:52:13","modified_gmt":"2025-10-29T12:52:13","slug":"page-daccueil","status":"publish","type":"page","link":"https:\/\/radolfzell-stadtbibliothek.de\/fr\/","title":{"rendered":"Page d&rsquo;accueil"},"content":{"rendered":"<h1><strong>Biblioth\u00e8que municipale dans le petit ch\u00e2teau autrichien<\/strong><\/h1>\n<p><img loading=\"lazy\" decoding=\"async\" class=\"alignnone wp-image-2426\" src=\"https:\/\/radolfzell-stadtbibliothek.de\/wp-content\/uploads\/sites\/7\/2022\/06\/view-0FNV1y.tmp_-300x225.jpg\" alt=\"\" width=\"260\" height=\"195\" srcset=\"https:\/\/radolfzell-stadtbibliothek.de\/wp-content\/uploads\/sites\/7\/2022\/06\/view-0FNV1y.tmp_-300x225.jpg 300w, https:\/\/radolfzell-stadtbibliothek.de\/wp-content\/uploads\/sites\/7\/2022\/06\/view-0FNV1y.tmp_-400x300.jpg 400w, https:\/\/radolfzell-stadtbibliothek.de\/wp-content\/uploads\/sites\/7\/2022\/06\/view-0FNV1y.tmp_-250x188.jpg 250w, https:\/\/radolfzell-stadtbibliothek.de\/wp-content\/uploads\/sites\/7\/2022\/06\/view-0FNV1y.tmp_-240x180.jpg 240w, https:\/\/radolfzell-stadtbibliothek.de\/wp-content\/uploads\/sites\/7\/2022\/06\/view-0FNV1y.tmp_.jpg 500w\" sizes=\"auto, (max-width: 260px) 100vw, 260px\" \/><img loading=\"lazy\" decoding=\"async\" class=\"alignnone wp-image-508 \" src=\"https:\/\/radolfzell-stadtbibliothek.de\/wp-content\/uploads\/sites\/7\/2018\/12\/Stadtbibliothek-DG-1024x369.jpg\" alt=\"\" width=\"541\" height=\"195\" srcset=\"https:\/\/radolfzell-stadtbibliothek.de\/wp-content\/uploads\/sites\/7\/2018\/12\/Stadtbibliothek-DG-1024x369.jpg 1024w, https:\/\/radolfzell-stadtbibliothek.de\/wp-content\/uploads\/sites\/7\/2018\/12\/Stadtbibliothek-DG-300x108.jpg 300w, https:\/\/radolfzell-stadtbibliothek.de\/wp-content\/uploads\/sites\/7\/2018\/12\/Stadtbibliothek-DG-768x277.jpg 768w, https:\/\/radolfzell-stadtbibliothek.de\/wp-content\/uploads\/sites\/7\/2018\/12\/Stadtbibliothek-DG-250x90.jpg 250w, https:\/\/radolfzell-stadtbibliothek.de\/wp-content\/uploads\/sites\/7\/2018\/12\/Stadtbibliothek-DG-550x198.jpg 550w, https:\/\/radolfzell-stadtbibliothek.de\/wp-content\/uploads\/sites\/7\/2018\/12\/Stadtbibliothek-DG-800x288.jpg 800w, https:\/\/radolfzell-stadtbibliothek.de\/wp-content\/uploads\/sites\/7\/2018\/12\/Stadtbibliothek-DG-500x180.jpg 500w, https:\/\/radolfzell-stadtbibliothek.de\/wp-content\/uploads\/sites\/7\/2018\/12\/Stadtbibliothek-DG-833x300.jpg 833w, https:\/\/radolfzell-stadtbibliothek.de\/wp-content\/uploads\/sites\/7\/2018\/12\/Stadtbibliothek-DG.jpg 1110w\" sizes=\"auto, (max-width: 541px) 100vw, 541px\" \/><br \/>\nKuhnle&amp;Kn\u00f6dler \/ Photographie Deluxe<\/p>\n<p>Une m\u00e9diath\u00e8que moderne qui incite chacun \u00e0 lire et qui offre en plus des espaces o\u00f9 toutes les g\u00e9n\u00e9rations aiment passer du temps &#8211; c&rsquo;est la biblioth\u00e8que municipale de Radolfzell. Au c\u0153ur de la ville se trouve l&rsquo;imposant b\u00e2timent historique avec vue sur le lac, enti\u00e8rement r\u00e9nov\u00e9 en 2015, qui aurait d\u00fb \u00e0 l&rsquo;origine servir de ch\u00e2teau \u00e0 l&rsquo;archiduc autrichien L\u00e9opold V au 17e si\u00e8cle. Aujourd&rsquo;hui, il abrite dans ses locaux confortables un large \u00e9ventail de livres et de m\u00e9dias.<\/p>\n<p>Des romans, des livres pratiques, des bandes dessin\u00e9es, des films, de la musique, des jeux, des livres audio, des magazines, mais aussi des appareils et des accessoires, comme des lecteurs de livres \u00e9lectroniques ou des tablettes, attendent d&rsquo;\u00eatre utilis\u00e9s ou emprunt\u00e9s sur place. L&rsquo;ensemble de l&rsquo;offre peut \u00eatre consult\u00e9 et recherch\u00e9 dans le catalogue en ligne OPAC.<br \/>\nDe plus, des ouvrages de r\u00e9f\u00e9rence en ligne sont \u00e0 la disposition des lecteurs inscrits. L&rsquo;Onleihe Hegau-Bodensee permet d&#8217;emprunter des m\u00e9dias num\u00e9riques pour une utilisation sur un ordinateur priv\u00e9 ou un terminal mobile. Des ordinateurs, des acc\u00e8s \u00e0 Internet, des imprimantes et des photocopieuses sont \u00e9galement disponibles dans l&rsquo;\u00e9tablissement.<\/p>\n<p>La cave vo\u00fbt\u00e9e, bien \u00e9quip\u00e9e sur le plan technique, fait de la biblioth\u00e8que un lieu attractif pour des \u00e9v\u00e9nements tels que des conf\u00e9rences, des lectures, des soir\u00e9es de jeux et des s\u00e9ances d&rsquo;information pour enfants et adultes.<\/p>\n<p>La biblioth\u00e8que municipale de Radolfzell s&rsquo;engage pour la promotion de la lecture \u00e0 travers de nombreuses coop\u00e9rations avec les \u00e9coles et les cr\u00e8ches et soutient la comp\u00e9tence m\u00e9diatique dans tous les groupes d&rsquo;\u00e2ge gr\u00e2ce \u00e0 son offre d&rsquo;informations et de conseils.<\/p>\n<p>&nbsp;<\/p>\n<p><strong>Projections de lumi\u00e8re artificielle Nuit de la culture 2025<\/strong><\/p>\n<p><iframe loading=\"lazy\" title=\"Kulturnacht Radolfzell 2025 Stadtbibliothek im \u00d6sterreichischen Schl\u00f6sschen\" width=\"500\" height=\"281\" src=\"https:\/\/www.youtube.com\/embed\/H6NO71Ov2W0?start=8&#038;feature=oembed\" frameborder=\"0\" allow=\"accelerometer; autoplay; clipboard-write; encrypted-media; gyroscope; picture-in-picture; web-share\" referrerpolicy=\"strict-origin-when-cross-origin\" allowfullscreen><\/iframe><\/p>\n<p>\u00a9 usine de luminaires<\/p>\n<h2><\/h2>\n<h2>Vous souhaitez vous engager pour la biblioth\u00e8que municipale ?<\/h2>\n<h3>Association des amis de la biblioth\u00e8que municipale de Radolfzell<\/h3>\n<p>Dans le petit ch\u00e2teau autrichien<br \/>\nMarktplatz 8 | 78315 Radolfzell au bord du lac de Constance<\/p>\n<p>T\u00e9l\u00e9phone : 07732 \/ 81-382<br \/>\nE-mail : <a href=\"mailto:kontakt@freundebib.de\">kontakt@freundebib.de<\/a><\/p>\n<p><a href=\"http:\/\/freundebib.de\/\">http:\/\/freundebib.de\/<\/a><\/p>\n","protected":false},"excerpt":{"rendered":"<p>Biblioth\u00e8que municipale dans le petit ch\u00e2teau autrichien Kuhnle&amp;Kn\u00f6dler \/ Photographie Deluxe Une m\u00e9diath\u00e8que moderne qui incite chacun \u00e0 lire et [&hellip;]<\/p>\n","protected":false},"author":1,"featured_media":0,"parent":0,"menu_order":0,"comment_status":"closed","ping_status":"closed","template":"start-page.php","meta":{"_price":"","_stock":"","_tribe_ticket_header":"","_tribe_default_ticket_provider":"","_ticket_start_date":"","_ticket_end_date":"","_tribe_ticket_show_description":"","_tribe_ticket_show_not_going":false,"_tribe_ticket_use_global_stock":"","_tribe_ticket_global_stock_level":"","_global_stock_mode":"","_global_stock_cap":"","_tribe_rsvp_for_event":"","_tribe_ticket_going_count":"","_tribe_ticket_not_going_count":"","_tribe_tickets_list":"[]","_tribe_ticket_has_attendee_info_fields":false,"footnotes":""},"class_list":["post-6164","page","type-page","status-publish","hentry"],"yoast_head":"<!-- This site is optimized with the Yoast SEO plugin v26.7 - https:\/\/yoast.com\/wordpress\/plugins\/seo\/ -->\n<title>Biblioth\u00e8que municipale de Radolfzell dans le &quot;\u00d6sterreichisches Schl\u00f6sschen<\/title>\n<meta name=\"description\" content=\"Bienvenue sur le site Internet de la biblioth\u00e8que municipale du ch\u00e2teau autrichien de Radolfzell. Informations sur les heures d&#039;ouverture, les frais de pr\u00eat, l&#039;offre de pr\u00eat...\" \/>\n<meta name=\"robots\" content=\"index, follow, max-snippet:-1, max-image-preview:large, max-video-preview:-1\" \/>\n<link rel=\"canonical\" href=\"https:\/\/radolfzell-stadtbibliothek.de\/fr\/\" \/>\n<meta property=\"og:locale\" content=\"fr_FR\" \/>\n<meta property=\"og:type\" content=\"article\" \/>\n<meta property=\"og:title\" content=\"Biblioth\u00e8que municipale de Radolfzell dans le &quot;\u00d6sterreichisches Schl\u00f6sschen\" \/>\n<meta property=\"og:description\" content=\"Bienvenue sur le site Internet de la biblioth\u00e8que municipale du ch\u00e2teau autrichien de Radolfzell. Informations sur les heures d&#039;ouverture, les frais de pr\u00eat, l&#039;offre de pr\u00eat...\" \/>\n<meta property=\"og:url\" content=\"https:\/\/radolfzell-stadtbibliothek.de\/fr\/\" \/>\n<meta property=\"og:site_name\" content=\"Stadtbibliothek\" \/>\n<meta property=\"article:modified_time\" content=\"2025-10-29T12:52:13+00:00\" \/>\n<meta property=\"og:image\" content=\"https:\/\/radolfzell-stadtbibliothek.de\/wp-content\/uploads\/sites\/7\/2022\/06\/view-0FNV1y.tmp_-300x225.jpg\" \/>\n<meta name=\"twitter:card\" content=\"summary_large_image\" \/>\n<meta name=\"twitter:label1\" content=\"Dur\u00e9e de lecture estim\u00e9e\" \/>\n\t<meta name=\"twitter:data1\" content=\"2 minutes\" \/>\n<script type=\"application\/ld+json\" class=\"yoast-schema-graph\">{\"@context\":\"https:\/\/schema.org\",\"@graph\":[{\"@type\":\"WebPage\",\"@id\":\"https:\/\/radolfzell-stadtbibliothek.de\/fr\/\",\"url\":\"https:\/\/radolfzell-stadtbibliothek.de\/fr\/\",\"name\":\"Biblioth\u00e8que municipale de Radolfzell dans le \\\"\u00d6sterreichisches Schl\u00f6sschen\",\"isPartOf\":{\"@id\":\"https:\/\/radolfzell-stadtbibliothek.de\/fr\/#website\"},\"primaryImageOfPage\":{\"@id\":\"https:\/\/radolfzell-stadtbibliothek.de\/fr\/#primaryimage\"},\"image\":{\"@id\":\"https:\/\/radolfzell-stadtbibliothek.de\/fr\/#primaryimage\"},\"thumbnailUrl\":\"https:\/\/radolfzell-stadtbibliothek.de\/wp-content\/uploads\/sites\/7\/2022\/06\/view-0FNV1y.tmp_-300x225.jpg\",\"datePublished\":\"2018-12-10T21:31:59+00:00\",\"dateModified\":\"2025-10-29T12:52:13+00:00\",\"description\":\"Bienvenue sur le site Internet de la biblioth\u00e8que municipale du ch\u00e2teau autrichien de Radolfzell. Informations sur les heures d'ouverture, les frais de pr\u00eat, l'offre de pr\u00eat...\",\"breadcrumb\":{\"@id\":\"https:\/\/radolfzell-stadtbibliothek.de\/fr\/#breadcrumb\"},\"inLanguage\":\"fr-FR\",\"potentialAction\":[{\"@type\":\"ReadAction\",\"target\":[\"https:\/\/radolfzell-stadtbibliothek.de\/fr\/\"]}]},{\"@type\":\"ImageObject\",\"inLanguage\":\"fr-FR\",\"@id\":\"https:\/\/radolfzell-stadtbibliothek.de\/fr\/#primaryimage\",\"url\":\"https:\/\/radolfzell-stadtbibliothek.de\/wp-content\/uploads\/sites\/7\/2022\/06\/view-0FNV1y.tmp_-300x225.jpg\",\"contentUrl\":\"https:\/\/radolfzell-stadtbibliothek.de\/wp-content\/uploads\/sites\/7\/2022\/06\/view-0FNV1y.tmp_-300x225.jpg\"},{\"@type\":\"BreadcrumbList\",\"@id\":\"https:\/\/radolfzell-stadtbibliothek.de\/fr\/#breadcrumb\",\"itemListElement\":[{\"@type\":\"ListItem\",\"position\":1,\"name\":\"Startseite\",\"item\":\"https:\/\/radolfzell-stadtbibliothek.de\/fr\/page-daccueil\/\"},{\"@type\":\"ListItem\",\"position\":2,\"name\":\"Page d&rsquo;accueil\"}]},{\"@type\":\"WebSite\",\"@id\":\"https:\/\/radolfzell-stadtbibliothek.de\/fr\/#website\",\"url\":\"https:\/\/radolfzell-stadtbibliothek.de\/fr\/\",\"name\":\"Stadtbibliothek\",\"description\":\"\",\"potentialAction\":[{\"@type\":\"SearchAction\",\"target\":{\"@type\":\"EntryPoint\",\"urlTemplate\":\"https:\/\/radolfzell-stadtbibliothek.de\/fr\/?s={search_term_string}\"},\"query-input\":{\"@type\":\"PropertyValueSpecification\",\"valueRequired\":true,\"valueName\":\"search_term_string\"}}],\"inLanguage\":\"fr-FR\"}]}<\/script>\n<!-- \/ Yoast SEO plugin. -->","yoast_head_json":{"title":"Biblioth\u00e8que municipale de Radolfzell dans le \"\u00d6sterreichisches Schl\u00f6sschen","description":"Bienvenue sur le site Internet de la biblioth\u00e8que municipale du ch\u00e2teau autrichien de Radolfzell. Informations sur les heures d'ouverture, les frais de pr\u00eat, l'offre de pr\u00eat...","robots":{"index":"index","follow":"follow","max-snippet":"max-snippet:-1","max-image-preview":"max-image-preview:large","max-video-preview":"max-video-preview:-1"},"canonical":"https:\/\/radolfzell-stadtbibliothek.de\/fr\/","og_locale":"fr_FR","og_type":"article","og_title":"Biblioth\u00e8que municipale de Radolfzell dans le \"\u00d6sterreichisches Schl\u00f6sschen","og_description":"Bienvenue sur le site Internet de la biblioth\u00e8que municipale du ch\u00e2teau autrichien de Radolfzell. Informations sur les heures d'ouverture, les frais de pr\u00eat, l'offre de pr\u00eat...","og_url":"https:\/\/radolfzell-stadtbibliothek.de\/fr\/","og_site_name":"Stadtbibliothek","article_modified_time":"2025-10-29T12:52:13+00:00","og_image":[{"url":"https:\/\/radolfzell-stadtbibliothek.de\/wp-content\/uploads\/sites\/7\/2022\/06\/view-0FNV1y.tmp_-300x225.jpg","type":"","width":"","height":""}],"twitter_card":"summary_large_image","twitter_misc":{"Dur\u00e9e de lecture estim\u00e9e":"2 minutes"},"schema":{"@context":"https:\/\/schema.org","@graph":[{"@type":"WebPage","@id":"https:\/\/radolfzell-stadtbibliothek.de\/fr\/","url":"https:\/\/radolfzell-stadtbibliothek.de\/fr\/","name":"Biblioth\u00e8que municipale de Radolfzell dans le \"\u00d6sterreichisches Schl\u00f6sschen","isPartOf":{"@id":"https:\/\/radolfzell-stadtbibliothek.de\/fr\/#website"},"primaryImageOfPage":{"@id":"https:\/\/radolfzell-stadtbibliothek.de\/fr\/#primaryimage"},"image":{"@id":"https:\/\/radolfzell-stadtbibliothek.de\/fr\/#primaryimage"},"thumbnailUrl":"https:\/\/radolfzell-stadtbibliothek.de\/wp-content\/uploads\/sites\/7\/2022\/06\/view-0FNV1y.tmp_-300x225.jpg","datePublished":"2018-12-10T21:31:59+00:00","dateModified":"2025-10-29T12:52:13+00:00","description":"Bienvenue sur le site Internet de la biblioth\u00e8que municipale du ch\u00e2teau autrichien de Radolfzell. Informations sur les heures d'ouverture, les frais de pr\u00eat, l'offre de pr\u00eat...","breadcrumb":{"@id":"https:\/\/radolfzell-stadtbibliothek.de\/fr\/#breadcrumb"},"inLanguage":"fr-FR","potentialAction":[{"@type":"ReadAction","target":["https:\/\/radolfzell-stadtbibliothek.de\/fr\/"]}]},{"@type":"ImageObject","inLanguage":"fr-FR","@id":"https:\/\/radolfzell-stadtbibliothek.de\/fr\/#primaryimage","url":"https:\/\/radolfzell-stadtbibliothek.de\/wp-content\/uploads\/sites\/7\/2022\/06\/view-0FNV1y.tmp_-300x225.jpg","contentUrl":"https:\/\/radolfzell-stadtbibliothek.de\/wp-content\/uploads\/sites\/7\/2022\/06\/view-0FNV1y.tmp_-300x225.jpg"},{"@type":"BreadcrumbList","@id":"https:\/\/radolfzell-stadtbibliothek.de\/fr\/#breadcrumb","itemListElement":[{"@type":"ListItem","position":1,"name":"Startseite","item":"https:\/\/radolfzell-stadtbibliothek.de\/fr\/page-daccueil\/"},{"@type":"ListItem","position":2,"name":"Page d&rsquo;accueil"}]},{"@type":"WebSite","@id":"https:\/\/radolfzell-stadtbibliothek.de\/fr\/#website","url":"https:\/\/radolfzell-stadtbibliothek.de\/fr\/","name":"Stadtbibliothek","description":"","potentialAction":[{"@type":"SearchAction","target":{"@type":"EntryPoint","urlTemplate":"https:\/\/radolfzell-stadtbibliothek.de\/fr\/?s={search_term_string}"},"query-input":{"@type":"PropertyValueSpecification","valueRequired":true,"valueName":"search_term_string"}}],"inLanguage":"fr-FR"}]}},"_links":{"self":[{"href":"https:\/\/radolfzell-stadtbibliothek.de\/fr\/wp-json\/wp\/v2\/pages\/6164","targetHints":{"allow":["GET"]}}],"collection":[{"href":"https:\/\/radolfzell-stadtbibliothek.de\/fr\/wp-json\/wp\/v2\/pages"}],"about":[{"href":"https:\/\/radolfzell-stadtbibliothek.de\/fr\/wp-json\/wp\/v2\/types\/page"}],"author":[{"embeddable":true,"href":"https:\/\/radolfzell-stadtbibliothek.de\/fr\/wp-json\/wp\/v2\/users\/1"}],"replies":[{"embeddable":true,"href":"https:\/\/radolfzell-stadtbibliothek.de\/fr\/wp-json\/wp\/v2\/comments?post=6164"}],"version-history":[{"count":7,"href":"https:\/\/radolfzell-stadtbibliothek.de\/fr\/wp-json\/wp\/v2\/pages\/6164\/revisions"}],"predecessor-version":[{"id":25166,"href":"https:\/\/radolfzell-stadtbibliothek.de\/fr\/wp-json\/wp\/v2\/pages\/6164\/revisions\/25166"}],"wp:attachment":[{"href":"https:\/\/radolfzell-stadtbibliothek.de\/fr\/wp-json\/wp\/v2\/media?parent=6164"}],"curies":[{"name":"wp","href":"https:\/\/api.w.org\/{rel}","templated":true}]}}