{"id":6109,"date":"2022-10-06T14:19:59","date_gmt":"2022-10-06T12:19:59","guid":{"rendered":"https:\/\/radolfzell-stadtbibliothek.de\/langage-facile\/"},"modified":"2025-06-26T19:07:19","modified_gmt":"2025-06-26T17:07:19","slug":"langage-facile","status":"publish","type":"page","link":"https:\/\/radolfzell-stadtbibliothek.de\/fr\/langage-facile\/","title":{"rendered":"LANGAGE FACILE"},"content":{"rendered":"<p><img loading=\"lazy\" decoding=\"async\" class=\"alignnone size-full wp-image-8076\" src=\"https:\/\/radolfzell-stadtbibliothek.de\/wp-content\/uploads\/sites\/7\/2024\/07\/LeichteSprache.Logo_..png\" alt=\"\" width=\"204\" height=\"192\"><\/p>\n<p>&nbsp;<\/p>\n<p>LA BIBLIOTH\u00c8QUE MUNICIPALE EST OUVERTE.<\/p>\n<p><strong>HEURES D&rsquo;OUVERTURE :<\/strong><\/p>\n<p>Mardi : 12h &#8211; 18h30<\/p>\n<p>mercredi : 10 &#8211; 17 heures<\/p>\n<p>jeudi : 14h &#8211; 18h30<\/p>\n<p>Vendredi : 12h &#8211; 18h30<\/p>\n<p>Samedi : 10 &#8211; 13:30 heures<\/p>\n<p>&nbsp;<\/p>\n<p>&nbsp;<\/p>\n<p>JE VIENS \u00c0 LA BIBLIOTH\u00c8QUE. QUE DOIS-JE SAVOIR ?<\/p>\n<p><strong>Qu&rsquo;y a-t-il \u00e0 la biblioth\u00e8que ?<\/strong><\/p>\n<p>des livres, mais aussi<\/p>\n<p>Livres audio,<\/p>\n<p>CD de musique, jeux,<\/p>\n<p>Cours de langue,<\/p>\n<p>Journaux, magazines, films.<\/p>\n<p>Tout cela s&rsquo;appelle aussi : les m\u00e9dias.<\/p>\n<p>&nbsp;<\/p>\n<p>O\u00f9 puis-je obtenir une carte de biblioth\u00e8que ?<\/p>\n<p>Vous obtiendrez un badge au comptoir du rez-de-chauss\u00e9e.<\/p>\n<p>&nbsp;<\/p>\n<p>&nbsp;<\/p>\n<p><strong>De quoi ai-je besoin pour m&rsquo;inscrire ?<\/strong><\/p>\n<p>Nous avons besoin de votre carte d&rsquo;identit\u00e9 ou de votre passeport.<\/p>\n<p>&nbsp;<\/p>\n<p>Combien co\u00fbte la carte d&rsquo;acc\u00e8s \u00e0 la biblioth\u00e8que municipale ?<\/p>\n<p>La cotisation annuelle co\u00fbte 22,00 \u20ac pour les adultes.<\/p>\n<p>Il existe \u00e9galement des badges \u00e0 tarif r\u00e9duit.<\/p>\n<p>N&rsquo;h\u00e9sitez pas \u00e0 demander \u00e0 nos collaborateurs.<\/p>\n<p>Les enfants et les jeunes jusqu&rsquo;\u00e0 18 ans ne paient pas.<\/p>\n<p>&nbsp;<\/p>\n<p>D&rsquo;EMPRUNTER ET DE RENDRE DES OBJETS. COMMENT FAIRE ?<\/p>\n<p><strong>Emprunter<\/strong><\/p>\n<p>Des distributeurs automatiques sont install\u00e9s dans la biblioth\u00e8que.<\/p>\n<p>Les automates sont appel\u00e9s auto-enregistreurs.<\/p>\n<p>Les m\u00e9dias peuvent \u00eatre emprunt\u00e9s \u00e0 la borne d&rsquo;auto-comptabilisation.<\/p>\n<p>Comment faire ? N&rsquo;h\u00e9sitez pas \u00e0 demander \u00e0 nos collaborateurs.<\/p>\n<p><iframe loading=\"lazy\" title=\"Ausleihe am SELBSTVERBUCHER (leichte Sprache)\" width=\"500\" height=\"281\" src=\"https:\/\/www.youtube.com\/embed\/c-3pyrQcQRI?feature=oembed\" frameborder=\"0\" allow=\"accelerometer; autoplay; clipboard-write; encrypted-media; gyroscope; picture-in-picture; web-share\" referrerpolicy=\"strict-origin-when-cross-origin\" allowfullscreen><\/iframe><\/p>\n<p>&nbsp;<\/p>\n<p><strong>Retourner<\/strong><\/p>\n<p>Il y a un automate de restitution \u00e0 c\u00f4t\u00e9 de l&rsquo;entr\u00e9e principale. Vous pouvez y rendre les livres.<\/p>\n<p>&nbsp;<\/p>\n<p><strong>Combien de temps puis-je emprunter des objets ?<\/strong><\/p>\n<p>Vous pouvez emprunter des livres pendant 4 semaines.<\/p>\n<p>Vous pouvez emprunter des CD de musique, des jeux et des livres audio pendant 4 semaines.<\/p>\n<p>Vous pouvez emprunter des magazines et des films pendant 2 semaines.<\/p>\n<p>&nbsp;<\/p>\n<p><strong>Puis-je prolonger la dur\u00e9e de pr\u00eat ?<\/strong><\/p>\n<p>Oui.<\/p>\n<p>Les livres, jeux, livres audio peuvent \u00eatre prolong\u00e9s 3 fois. Magazines et DVD 2 fois,<\/p>\n<p>si aucun autre lecteur n&rsquo;en veut.<\/p>\n<p>C&rsquo;est-\u00e0-dire s&rsquo;il n&rsquo;y a pas de pr\u00e9-commande.<\/p>\n<p>&nbsp;<\/p>\n<p><strong>Comment puis-je prolonger ?<\/strong><\/p>\n<p>Vous pouvez appeler quand la biblioth\u00e8que est ouverte :<\/p>\n<p>T\u00e9l\u00e9phone : 0 77 32 &#8211; 81-38 2.<\/p>\n<p>Vous pouvez \u00e9galement <a href=\"https:\/\/bibliothek.komm.one\/radolfzell\/Leserkonto\">prolonger vous-m\u00eame sur l&rsquo;ordinateur<\/a>.<\/p>\n<p>&nbsp;<\/p>\n<p><strong>J&rsquo;ai oubli\u00e9 de rendre un livre \u00e0 temps. Dois-je payer des frais ?<\/strong><\/p>\n<p>Oui.<\/p>\n<p>Les m\u00e9dias de la section adultes co\u00fbtent 2 euros par jour.<\/p>\n<p>Les m\u00e9dias de la section enfants co\u00fbtent 1 euro par jour.<\/p>\n<p>&nbsp;<\/p>\n<p><strong>Puis-je voir chez moi quels livres ou CD sont disponibles \u00e0 la biblioth\u00e8que ?<\/strong><\/p>\n<p>Oui.<\/p>\n<p>Vous trouverez tout dans le <a href=\"https:\/\/bibliothek.komm.one\/radolfzell\/Medien-finden\/einfache-Suche\">catalogue en ligne<\/a>.<\/p>\n<p>&nbsp;<\/p>\n<p><strong>Un m\u00e9dium n&rsquo;est pas pr\u00e9sent. Je veux le pr\u00e9-commander. Comment faire ?<\/strong><\/p>\n<p>Vous pouvez le r\u00e9server \u00e0 la biblioth\u00e8que, au comptoir du rez-de-chauss\u00e9e.<\/p>\n<p>Vous pouvez \u00e9galement pr\u00e9-commander sur Internet.<\/p>\n<p>Chaque pr\u00e9-commande co\u00fbte 1 \u20ac.<\/p>\n<p>Lorsque la pr\u00e9-commande est l\u00e0, vous recevez un mail ou une lettre.<\/p>\n<p>Vous pouvez les r\u00e9cup\u00e9rer au comptoir du rez-de-chauss\u00e9e. Ils y restent 14 jours.<\/p>\n<p>&nbsp;<\/p>\n<p><strong>Puis-je surfer sur Internet \u00e0 la biblioth\u00e8que municipale ?<\/strong><\/p>\n<p>Oui.<\/p>\n<p>Pour cela, vous avez besoin de votre carte de biblioth\u00e8que.<\/p>\n<p>Venez au rez-de-chauss\u00e9e, au comptoir. Les coll\u00e8gues l\u00e0-bas vous aideront.<\/p>\n<p>&nbsp;<\/p>\n<p><strong>Puis-je faire des copies \u00e0 la biblioth\u00e8que ?<\/strong><\/p>\n<p>Oui.<\/p>\n<p>Il y a une photocopieuse au premier \u00e9tage.<\/p>\n<p>Une copie co\u00fbte <strong>20 cents.<\/strong><\/p>\n<p>&nbsp;<\/p>\n<p><strong>J&rsquo;ai perdu ma carte de biblioth\u00e8que. Que dois-je faire ?<\/strong><\/p>\n<p>Contactez-nous.<\/p>\n<p>Ou appelez-nous imm\u00e9diatement. T\u00e9l\u00e9phone : 0 77 32 &#8211; 81 38 2.<\/p>\n<p>Nous bloquerons alors votre carte.<\/p>\n<p>Cela signifie que personne d&rsquo;autre ne peut utiliser votre carte.<\/p>\n<p>Vous pouvez obtenir une nouvelle carte d&rsquo;identit\u00e9.<\/p>\n<p>Il co\u00fbte 3 \u20ac.<\/p>\n<p>&nbsp;<\/p>\n<p><strong>J&rsquo;ai des questions. Qui m&rsquo;aide ?<\/strong><\/p>\n<p>Venez nous voir et demandez-nous.<\/p>\n<p>Ou appelez le : T\u00e9l\u00e9phone : 0 77 32 &#8211; 81 38 2.<\/p>\n","protected":false},"excerpt":{"rendered":"<p>&nbsp; LA BIBLIOTH\u00c8QUE MUNICIPALE EST OUVERTE. HEURES D&rsquo;OUVERTURE : Mardi : 12h &#8211; 18h30 mercredi : 10 &#8211; 17 heures [&hellip;]<\/p>\n","protected":false},"author":11,"featured_media":0,"parent":0,"menu_order":0,"comment_status":"closed","ping_status":"closed","template":"","meta":{"_price":"","_stock":"","_tribe_ticket_header":"","_tribe_default_ticket_provider":"","_ticket_start_date":"","_ticket_end_date":"","_tribe_ticket_show_description":"","_tribe_ticket_show_not_going":false,"_tribe_ticket_use_global_stock":"","_tribe_ticket_global_stock_level":"","_global_stock_mode":"","_global_stock_cap":"","_tribe_rsvp_for_event":"","_tribe_ticket_going_count":"","_tribe_ticket_not_going_count":"","_tribe_tickets_list":"[]","_tribe_ticket_has_attendee_info_fields":false,"footnotes":""},"class_list":["post-6109","page","type-page","status-publish","hentry"],"yoast_head":"<!-- This site is optimized with the Yoast SEO plugin v26.7 - https:\/\/yoast.com\/wordpress\/plugins\/seo\/ -->\n<title>LANGAGE FACILE | Stadtbibliothek<\/title>\n<meta name=\"robots\" content=\"index, follow, max-snippet:-1, max-image-preview:large, max-video-preview:-1\" \/>\n<link rel=\"canonical\" href=\"https:\/\/radolfzell-stadtbibliothek.de\/fr\/langage-facile\/\" \/>\n<meta property=\"og:locale\" content=\"fr_FR\" \/>\n<meta property=\"og:type\" content=\"article\" \/>\n<meta property=\"og:title\" content=\"LANGAGE FACILE | Stadtbibliothek\" \/>\n<meta property=\"og:description\" content=\"&nbsp; LA BIBLIOTH\u00c8QUE MUNICIPALE EST OUVERTE. HEURES D&rsquo;OUVERTURE : Mardi : 12h &#8211; 18h30 mercredi : 10 &#8211; 17 heures [&hellip;]\" \/>\n<meta property=\"og:url\" content=\"https:\/\/radolfzell-stadtbibliothek.de\/fr\/langage-facile\/\" \/>\n<meta property=\"og:site_name\" content=\"Stadtbibliothek\" \/>\n<meta property=\"article:modified_time\" content=\"2025-06-26T17:07:19+00:00\" \/>\n<meta property=\"og:image\" content=\"https:\/\/radolfzell-stadtbibliothek.de\/wp-content\/uploads\/sites\/7\/2024\/07\/LeichteSprache.Logo_..png\" \/>\n<meta name=\"twitter:card\" content=\"summary_large_image\" \/>\n<meta name=\"twitter:label1\" content=\"Dur\u00e9e de lecture estim\u00e9e\" \/>\n\t<meta name=\"twitter:data1\" content=\"3 minutes\" \/>\n<script type=\"application\/ld+json\" class=\"yoast-schema-graph\">{\"@context\":\"https:\/\/schema.org\",\"@graph\":[{\"@type\":\"WebPage\",\"@id\":\"https:\/\/radolfzell-stadtbibliothek.de\/fr\/langage-facile\/\",\"url\":\"https:\/\/radolfzell-stadtbibliothek.de\/fr\/langage-facile\/\",\"name\":\"LANGAGE FACILE | Stadtbibliothek\",\"isPartOf\":{\"@id\":\"https:\/\/radolfzell-stadtbibliothek.de\/fr\/#website\"},\"primaryImageOfPage\":{\"@id\":\"https:\/\/radolfzell-stadtbibliothek.de\/fr\/langage-facile\/#primaryimage\"},\"image\":{\"@id\":\"https:\/\/radolfzell-stadtbibliothek.de\/fr\/langage-facile\/#primaryimage\"},\"thumbnailUrl\":\"https:\/\/radolfzell-stadtbibliothek.de\/wp-content\/uploads\/sites\/7\/2024\/07\/LeichteSprache.Logo_..png\",\"datePublished\":\"2022-10-06T12:19:59+00:00\",\"dateModified\":\"2025-06-26T17:07:19+00:00\",\"breadcrumb\":{\"@id\":\"https:\/\/radolfzell-stadtbibliothek.de\/fr\/langage-facile\/#breadcrumb\"},\"inLanguage\":\"fr-FR\",\"potentialAction\":[{\"@type\":\"ReadAction\",\"target\":[\"https:\/\/radolfzell-stadtbibliothek.de\/fr\/langage-facile\/\"]}]},{\"@type\":\"ImageObject\",\"inLanguage\":\"fr-FR\",\"@id\":\"https:\/\/radolfzell-stadtbibliothek.de\/fr\/langage-facile\/#primaryimage\",\"url\":\"https:\/\/radolfzell-stadtbibliothek.de\/wp-content\/uploads\/sites\/7\/2024\/07\/LeichteSprache.Logo_..png\",\"contentUrl\":\"https:\/\/radolfzell-stadtbibliothek.de\/wp-content\/uploads\/sites\/7\/2024\/07\/LeichteSprache.Logo_..png\"},{\"@type\":\"BreadcrumbList\",\"@id\":\"https:\/\/radolfzell-stadtbibliothek.de\/fr\/langage-facile\/#breadcrumb\",\"itemListElement\":[{\"@type\":\"ListItem\",\"position\":1,\"name\":\"Startseite\",\"item\":\"https:\/\/radolfzell-stadtbibliothek.de\/fr\/page-daccueil\/\"},{\"@type\":\"ListItem\",\"position\":2,\"name\":\"LANGAGE FACILE\"}]},{\"@type\":\"WebSite\",\"@id\":\"https:\/\/radolfzell-stadtbibliothek.de\/fr\/#website\",\"url\":\"https:\/\/radolfzell-stadtbibliothek.de\/fr\/\",\"name\":\"Stadtbibliothek\",\"description\":\"\",\"potentialAction\":[{\"@type\":\"SearchAction\",\"target\":{\"@type\":\"EntryPoint\",\"urlTemplate\":\"https:\/\/radolfzell-stadtbibliothek.de\/fr\/?s={search_term_string}\"},\"query-input\":{\"@type\":\"PropertyValueSpecification\",\"valueRequired\":true,\"valueName\":\"search_term_string\"}}],\"inLanguage\":\"fr-FR\"}]}<\/script>\n<!-- \/ Yoast SEO plugin. -->","yoast_head_json":{"title":"LANGAGE FACILE | Stadtbibliothek","robots":{"index":"index","follow":"follow","max-snippet":"max-snippet:-1","max-image-preview":"max-image-preview:large","max-video-preview":"max-video-preview:-1"},"canonical":"https:\/\/radolfzell-stadtbibliothek.de\/fr\/langage-facile\/","og_locale":"fr_FR","og_type":"article","og_title":"LANGAGE FACILE | Stadtbibliothek","og_description":"&nbsp; LA BIBLIOTH\u00c8QUE MUNICIPALE EST OUVERTE. HEURES D&rsquo;OUVERTURE : Mardi : 12h &#8211; 18h30 mercredi : 10 &#8211; 17 heures [&hellip;]","og_url":"https:\/\/radolfzell-stadtbibliothek.de\/fr\/langage-facile\/","og_site_name":"Stadtbibliothek","article_modified_time":"2025-06-26T17:07:19+00:00","og_image":[{"url":"https:\/\/radolfzell-stadtbibliothek.de\/wp-content\/uploads\/sites\/7\/2024\/07\/LeichteSprache.Logo_..png","type":"","width":"","height":""}],"twitter_card":"summary_large_image","twitter_misc":{"Dur\u00e9e de lecture estim\u00e9e":"3 minutes"},"schema":{"@context":"https:\/\/schema.org","@graph":[{"@type":"WebPage","@id":"https:\/\/radolfzell-stadtbibliothek.de\/fr\/langage-facile\/","url":"https:\/\/radolfzell-stadtbibliothek.de\/fr\/langage-facile\/","name":"LANGAGE FACILE | Stadtbibliothek","isPartOf":{"@id":"https:\/\/radolfzell-stadtbibliothek.de\/fr\/#website"},"primaryImageOfPage":{"@id":"https:\/\/radolfzell-stadtbibliothek.de\/fr\/langage-facile\/#primaryimage"},"image":{"@id":"https:\/\/radolfzell-stadtbibliothek.de\/fr\/langage-facile\/#primaryimage"},"thumbnailUrl":"https:\/\/radolfzell-stadtbibliothek.de\/wp-content\/uploads\/sites\/7\/2024\/07\/LeichteSprache.Logo_..png","datePublished":"2022-10-06T12:19:59+00:00","dateModified":"2025-06-26T17:07:19+00:00","breadcrumb":{"@id":"https:\/\/radolfzell-stadtbibliothek.de\/fr\/langage-facile\/#breadcrumb"},"inLanguage":"fr-FR","potentialAction":[{"@type":"ReadAction","target":["https:\/\/radolfzell-stadtbibliothek.de\/fr\/langage-facile\/"]}]},{"@type":"ImageObject","inLanguage":"fr-FR","@id":"https:\/\/radolfzell-stadtbibliothek.de\/fr\/langage-facile\/#primaryimage","url":"https:\/\/radolfzell-stadtbibliothek.de\/wp-content\/uploads\/sites\/7\/2024\/07\/LeichteSprache.Logo_..png","contentUrl":"https:\/\/radolfzell-stadtbibliothek.de\/wp-content\/uploads\/sites\/7\/2024\/07\/LeichteSprache.Logo_..png"},{"@type":"BreadcrumbList","@id":"https:\/\/radolfzell-stadtbibliothek.de\/fr\/langage-facile\/#breadcrumb","itemListElement":[{"@type":"ListItem","position":1,"name":"Startseite","item":"https:\/\/radolfzell-stadtbibliothek.de\/fr\/page-daccueil\/"},{"@type":"ListItem","position":2,"name":"LANGAGE FACILE"}]},{"@type":"WebSite","@id":"https:\/\/radolfzell-stadtbibliothek.de\/fr\/#website","url":"https:\/\/radolfzell-stadtbibliothek.de\/fr\/","name":"Stadtbibliothek","description":"","potentialAction":[{"@type":"SearchAction","target":{"@type":"EntryPoint","urlTemplate":"https:\/\/radolfzell-stadtbibliothek.de\/fr\/?s={search_term_string}"},"query-input":{"@type":"PropertyValueSpecification","valueRequired":true,"valueName":"search_term_string"}}],"inLanguage":"fr-FR"}]}},"_links":{"self":[{"href":"https:\/\/radolfzell-stadtbibliothek.de\/fr\/wp-json\/wp\/v2\/pages\/6109","targetHints":{"allow":["GET"]}}],"collection":[{"href":"https:\/\/radolfzell-stadtbibliothek.de\/fr\/wp-json\/wp\/v2\/pages"}],"about":[{"href":"https:\/\/radolfzell-stadtbibliothek.de\/fr\/wp-json\/wp\/v2\/types\/page"}],"author":[{"embeddable":true,"href":"https:\/\/radolfzell-stadtbibliothek.de\/fr\/wp-json\/wp\/v2\/users\/11"}],"replies":[{"embeddable":true,"href":"https:\/\/radolfzell-stadtbibliothek.de\/fr\/wp-json\/wp\/v2\/comments?post=6109"}],"version-history":[{"count":3,"href":"https:\/\/radolfzell-stadtbibliothek.de\/fr\/wp-json\/wp\/v2\/pages\/6109\/revisions"}],"predecessor-version":[{"id":10606,"href":"https:\/\/radolfzell-stadtbibliothek.de\/fr\/wp-json\/wp\/v2\/pages\/6109\/revisions\/10606"}],"wp:attachment":[{"href":"https:\/\/radolfzell-stadtbibliothek.de\/fr\/wp-json\/wp\/v2\/media?parent=6109"}],"curies":[{"name":"wp","href":"https:\/\/api.w.org\/{rel}","templated":true}]}}